{"id":71,"date":"2017-10-15T17:01:36","date_gmt":"2017-10-15T17:01:36","guid":{"rendered":"http:\/\/lievestuoreenlampo.fi\/?page_id=71"},"modified":"2025-11-18T07:58:38","modified_gmt":"2025-11-18T07:58:38","slug":"liittyminen","status":"publish","type":"page","link":"https:\/\/lievestuoreenlampo.fi\/wp\/?page_id=71","title":{"rendered":"Hinnasto ja liittyminen"},"content":{"rendered":"<p>Tietoa hinnastostamme ja kaukol\u00e4mp\u00f6\u00f6n liittymisest\u00e4. Kaukol\u00e4mm\u00f6n kokonaishinta muodostuu tilaustehon mukaan m\u00e4\u00e4r\u00e4ytyv\u00e4st\u00e4 perusmaksusta (\u20ac\/vuosi), energiamaksusta (\u20ac\/MWh) ja veroista (alv 25,5%).<\/p>\n<h4>PERUSMAKSUN MUODOSTUMINEN<\/h4>\n<p>Maksun perusteena oleva tilausteho m\u00e4\u00e4ritet\u00e4\u00e4n tapauskohtaisesti asiakkaan (ja LVI-suunnittelijan) antamien perustietojen pohjalta. T\u00e4m\u00e4 koskee sek\u00e4 vanhoja ett\u00e4 uusia rakennuksia.<\/p>\n<table width=\"400\">\n<tbody>\n<tr>\n<td><\/td>\n<td>Tilausteho kW (P)<\/td>\n<td>Perusmaksu \u20ac\/vuosi<\/td>\n<\/tr>\n<tr>\n<td>Pientalo<\/td>\n<td>0 &#8211; 50<\/td>\n<td>k1 * (130+63*P)<\/td>\n<\/tr>\n<tr>\n<td>Rivitalo, pieni kerrostalo<\/td>\n<td>50 \u2013 150<\/td>\n<td>k1 * (280+60*P)<\/td>\n<\/tr>\n<tr>\n<td>Kerrostalo, koulu<\/td>\n<td>150 \u2013 550<\/td>\n<td>k1 * (4780+30*P)<\/td>\n<\/tr>\n<\/tbody>\n<\/table>\n<p>Kerroin k on Lievestuoreen L\u00e4mp\u00f6 Oy:n kiinteiden kustannuksien mukainen kerroin, joka tarkistetaan tarvittaessa. Kertoimen k arvo on 1.1.2011 alkaen 0,76. Hintoihin lis\u00e4t\u00e4\u00e4n voimassa oleva arvonlis\u00e4vero. Perusmaksu on sidottu verolliseen kotimarkkinoiden perushintaindeksin kokonaisindeksiin.<\/p>\n<h4>ENERGIAMAKSU 01.10.2025 ALKAEN<\/h4>\n<p>Energiamaksu 76,23 \u20ac\/MWh = 7,623 SNT\/kWh (alv 0%)<\/p>\n<p>Hintaan lis\u00e4t\u00e4\u00e4n voimassaoleva arvonlis\u00e4vero.<\/p>\n<p>Kaukol\u00e4mp\u00f6energia mitataan l\u00e4mm\u00f6njakohuoneessasi sijaitsevalla energiam\u00e4\u00e4r\u00e4mittarilla. Se mittaa veden virtausm\u00e4\u00e4r\u00e4n ja l\u00e4mp\u00f6tilaeron kaukol\u00e4mm\u00f6n meno- ja paluujohdon v\u00e4lilll\u00e4. N\u00e4ist\u00e4 l\u00e4ht\u00f6arvoista l\u00e4mp\u00f6m\u00e4\u00e4r\u00e4laskuri laskee kuluttamasi energian. Kaikki kaukol\u00e4mp\u00f6mittarimme ovat olleet et\u00e4luettavia vuodesta 2012.<\/p>\n<h4>LIITTYMINEN KAUKOL\u00c4MP\u00d6\u00d6N<\/h4>\n<p>Kaukol\u00e4mm\u00f6n liittymismaksun hintaan vaikuttaa runkolinjan l\u00e4heisyys. T\u00e4yt\u00e4 tarjouslomake, niin me otamme sinuun yhteytt\u00e4. Samalla voit pyyt\u00e4\u00e4 meilt\u00e4 tarjouksen my\u00f6s l\u00e4mm\u00f6njakokeskuksesta, johon sis\u00e4ltyy l\u00e4mm\u00f6nvaihdin ja muut osat ja tarvikkeet.<\/p>\n<p><a href=\"http:\/\/lievestuoreenlampo.fi\/?page_id=217\"><strong>PYYD\u00c4 TARJOUS T\u00c4ST\u00c4<\/strong><\/a><\/p>\n<p><a href=\"https:\/\/lievestuoreenlampo.fi\/wp\/wp-content\/uploads\/2023\/11\/Kaukolammon_yleiset_sopimusehdot_2021.pdf\">Kaukol\u00e4mm\u00f6n yleiset sopimusehdot<\/a><\/p>\n<p><a href=\"https:\/\/lievestuoreenlampo.fi\/wp\/wp-content\/uploads\/2023\/11\/Siirtolomake-yleiset-sopimusehdot-2021.pdf\">Kaukol\u00e4mp\u00f6sopimuksen siirtolomake<\/a><\/p>\n","protected":false},"excerpt":{"rendered":"<p>Tietoa hinnoittelustamme ja kaukol\u00e4mp\u00f6\u00f6n liittymisest\u00e4.<\/p>\n","protected":false},"author":1,"featured_media":0,"parent":0,"menu_order":0,"comment_status":"closed","ping_status":"closed","template":"","meta":[],"_links":{"self":[{"href":"https:\/\/lievestuoreenlampo.fi\/wp\/index.php?rest_route=\/wp\/v2\/pages\/71"}],"collection":[{"href":"https:\/\/lievestuoreenlampo.fi\/wp\/index.php?rest_route=\/wp\/v2\/pages"}],"about":[{"href":"https:\/\/lievestuoreenlampo.fi\/wp\/index.php?rest_route=\/wp\/v2\/types\/page"}],"author":[{"embeddable":true,"href":"https:\/\/lievestuoreenlampo.fi\/wp\/index.php?rest_route=\/wp\/v2\/users\/1"}],"replies":[{"embeddable":true,"href":"https:\/\/lievestuoreenlampo.fi\/wp\/index.php?rest_route=%2Fwp%2Fv2%2Fcomments&post=71"}],"version-history":[{"count":23,"href":"https:\/\/lievestuoreenlampo.fi\/wp\/index.php?rest_route=\/wp\/v2\/pages\/71\/revisions"}],"predecessor-version":[{"id":307,"href":"https:\/\/lievestuoreenlampo.fi\/wp\/index.php?rest_route=\/wp\/v2\/pages\/71\/revisions\/307"}],"wp:attachment":[{"href":"https:\/\/lievestuoreenlampo.fi\/wp\/index.php?rest_route=%2Fwp%2Fv2%2Fmedia&parent=71"}],"curies":[{"name":"wp","href":"https:\/\/api.w.org\/{rel}","templated":true}]}}