{"id":68,"date":"2017-10-10T16:56:26","date_gmt":"2017-10-10T16:56:26","guid":{"rendered":"http:\/\/lievestuoreenlampo.fi\/?page_id=68"},"modified":"2025-11-03T13:34:39","modified_gmt":"2025-11-03T13:34:39","slug":"lievestuoreen-lampo","status":"publish","type":"page","link":"https:\/\/lievestuoreenlampo.fi\/wp\/?page_id=68","title":{"rendered":"Lievestuoreen L\u00e4mp\u00f6 Oy"},"content":{"rendered":"<p>Lievestuoreen L\u00e4mp\u00f6 Oy on vuonna 2008 perustettu yksityinen energiayritys. Tarjoamme turvallista kaukol\u00e4mp\u00f6\u00e4 paikallisesti, kokonaistaloudellisesti ja ymp\u00e4rist\u00f6my\u00f6nteisesti. Lievestuoreen L\u00e4mp\u00f6 Oy:n kaukol\u00e4mp\u00f6verkosto koostuu kahdesta erillisverkosta, jotka ovat taajaman keskustassa ja Kelkkam\u00e4ess\u00e4 (p\u00e4\u00e4ttyy Gradialle).<\/p>\n<table>\n<tbody>\n<tr>\n<td>\n<h4>TAAJAMAN L\u00c4MP\u00d6LAITOS<\/h4>\n<p>&#8211; Rakennusvuosi 201<br \/>\n&#8211; Verkoston pituus noin 5,5 km<br \/>\n&#8211; Asiakkaina rivitaloja, kunnan ja seurakunnan kiinteist\u00f6j\u00e4,<br \/>\nliikekiinteist\u00f6j\u00e4 sek\u00e4 teollisuuskiinteist\u00f6j\u00e4<br \/>\n&#8211; Polttoaineena hake<\/td>\n<td>\n<h4>KELKKAM\u00c4EN L\u00c4MP\u00d6LAITOS<\/h4>\n<p>&#8211; Rakennusvuosi 2010<br \/>\n&#8211; Verkoston pituus 3 km<br \/>\n&#8211; Asiakkaina rivitaloja ja teollisuuskiinteist\u00f6j\u00e4<br \/>\n&#8211; Polttoaineena hake<\/td>\n<\/tr>\n<tr>\n<td>\n<table>\n<tbody>\n<tr>\n<td>\n<h4>SORAJYV\u00c4N L\u00c4MP\u00d6LAITOS<\/h4>\n<p style=\"text-align: left;\">Lue lis\u00e4tietoja erilliselt\u00e4 <a href=\"https:\/\/lievestuoreenlampo.fi\/wp\/?page_id=296\">hankesivulta<\/a><\/p>\n<\/td>\n<\/tr>\n<\/tbody>\n<\/table>\n<\/td>\n<td valign=\"top\"><\/td>\n<\/tr>\n<\/tbody>\n<\/table>\n","protected":false},"excerpt":{"rendered":"<p>Lievestuoreen L\u00e4mp\u00f6 Oy on vuonna 2008 perustettu yksityinen energiayritys. Tarjoamme turvallista kaukol\u00e4mp\u00f6\u00e4 paikallisesti, kokonaistaloudellisesti ja ymp\u00e4rist\u00f6my\u00f6nteisesti.<\/p>\n","protected":false},"author":1,"featured_media":147,"parent":0,"menu_order":0,"comment_status":"closed","ping_status":"closed","template":"","meta":[],"_links":{"self":[{"href":"https:\/\/lievestuoreenlampo.fi\/wp\/index.php?rest_route=\/wp\/v2\/pages\/68"}],"collection":[{"href":"https:\/\/lievestuoreenlampo.fi\/wp\/index.php?rest_route=\/wp\/v2\/pages"}],"about":[{"href":"https:\/\/lievestuoreenlampo.fi\/wp\/index.php?rest_route=\/wp\/v2\/types\/page"}],"author":[{"embeddable":true,"href":"https:\/\/lievestuoreenlampo.fi\/wp\/index.php?rest_route=\/wp\/v2\/users\/1"}],"replies":[{"embeddable":true,"href":"https:\/\/lievestuoreenlampo.fi\/wp\/index.php?rest_route=%2Fwp%2Fv2%2Fcomments&post=68"}],"version-history":[{"count":34,"href":"https:\/\/lievestuoreenlampo.fi\/wp\/index.php?rest_route=\/wp\/v2\/pages\/68\/revisions"}],"predecessor-version":[{"id":304,"href":"https:\/\/lievestuoreenlampo.fi\/wp\/index.php?rest_route=\/wp\/v2\/pages\/68\/revisions\/304"}],"wp:featuredmedia":[{"embeddable":true,"href":"https:\/\/lievestuoreenlampo.fi\/wp\/index.php?rest_route=\/wp\/v2\/media\/147"}],"wp:attachment":[{"href":"https:\/\/lievestuoreenlampo.fi\/wp\/index.php?rest_route=%2Fwp%2Fv2%2Fmedia&parent=68"}],"curies":[{"name":"wp","href":"https:\/\/api.w.org\/{rel}","templated":true}]}}