{"id":296,"date":"2025-10-14T12:02:56","date_gmt":"2025-10-14T12:02:56","guid":{"rendered":"https:\/\/lievestuoreenlampo.fi\/wp\/?page_id=296"},"modified":"2025-10-14T12:24:28","modified_gmt":"2025-10-14T12:24:28","slug":"sorajyvan-kaukolampohanke","status":"publish","type":"page","link":"https:\/\/lievestuoreenlampo.fi\/wp\/?page_id=296","title":{"rendered":"Sorajyv\u00e4n kaukol\u00e4mp\u00f6hanke"},"content":{"rendered":"\n<div class=\"wp-block-image\"><figure class=\"alignright size-full\"><img loading=\"lazy\" width=\"298\" height=\"61\" src=\"https:\/\/lievestuoreenlampo.fi\/wp\/wp-content\/uploads\/2025\/10\/eu.png\" alt=\"\" class=\"wp-image-299\"\/><\/figure><\/div>\n\n\n\n<p>Lievestuoreen L\u00e4mp\u00f6 Oy:ll\u00e4 on k\u00e4ynniss\u00e4 Laukaan Lepp\u00e4vedell\u00e4 rakennusty\u00f6t koskien Sorajyv\u00e4n kaukol\u00e4mp\u00f6hanketta. Sorajyv\u00e4n biokaukol\u00e4mp\u00f6laitos tuottaa valmistuessaan alueen asiakkaille kaukol\u00e4mp\u00f6\u00e4 ymp\u00e4rist\u00f6yst\u00e4v\u00e4llisesti sek\u00e4 alueelliset vaikutukset huomioiden, josta yhten\u00e4 osana on mm. mets\u00e4hakkeen hankinta. <\/p>\n\n\n\n<h4>TAUSTATIETOA HANKKEESTA<\/h4>\n\n\n\n<div class=\"wp-block-image\"><figure class=\"alignright size-large is-resized\"><img loading=\"lazy\" src=\"https:\/\/lievestuoreenlampo.fi\/wp\/wp-content\/uploads\/2025\/10\/laitoskuva3-1024x768.jpg\" alt=\"\" class=\"wp-image-297\" width=\"512\" height=\"384\" srcset=\"https:\/\/lievestuoreenlampo.fi\/wp\/wp-content\/uploads\/2025\/10\/laitoskuva3-1024x768.jpg 1024w, https:\/\/lievestuoreenlampo.fi\/wp\/wp-content\/uploads\/2025\/10\/laitoskuva3-300x225.jpg 300w, https:\/\/lievestuoreenlampo.fi\/wp\/wp-content\/uploads\/2025\/10\/laitoskuva3-768x576.jpg 768w, https:\/\/lievestuoreenlampo.fi\/wp\/wp-content\/uploads\/2025\/10\/laitoskuva3-1536x1152.jpg 1536w, https:\/\/lievestuoreenlampo.fi\/wp\/wp-content\/uploads\/2025\/10\/laitoskuva3.jpg 1600w\" sizes=\"(max-width: 512px) 100vw, 512px\" \/><figcaption>Kuva vastaavasta laitoksesta. Kuva: Tulostekniikka Oy<\/figcaption><\/figure><\/div>\n\n\n\n<p>Suomen vuosien 2023-2027 CAP-suunnitelman tavoitteena on uudistuva ja monipuolinen maaseutu ottaen huomioon ilmasto- ja ymp\u00e4rist\u00f6toimet ilmastonmuutoksen hillitsemiseksi sek\u00e4 maaseudun yrityskannan monipuolistamisen. T\u00e4m\u00e4n saavuttamiseksi maaseutualueiden paikallinen kehitt\u00e4minen on t\u00e4rke\u00e4\u00e4 ja ett\u00e4 toiminta on vastuullista ja kest\u00e4v\u00e4\u00e4. Keski-Suomen alueellisen maaseudun kehitt\u00e4missuunnitelma t\u00e4ht\u00e4\u00e4 vetovoimaiseen maaseutuun ymp\u00e4rist\u00f6n tilasta huolehtien. CAP- suunnitelmassa konkreettisia tukimuotoja tukea ilmastonmuutoksen hillint\u00e4\u00e4 ja sopeutumista sek\u00e4 luonnon monimuotoisuutta ja kest\u00e4v\u00e4\u00e4 luonnonvarojen k\u00e4ytt\u00f6\u00e4 CAP\u2011toimien kautta, ovat maaseutuyritysten investoinnit, kehitt\u00e4mishankkeet, yleishy\u00f6dylliset investoinnit sek\u00e4 laajakaistainvestoinnit. Sorajyv\u00e4n alue on hyv\u00e4 esimerkki siit\u00e4, kuinka panostetaan maaseudun elinvoimaan, monialaistumiseen ja monipuoliseen yritystoimintaan.<\/p>\n\n\n\n<h4>TIETOA INVESTOINNISTA<\/h4>\n\n\n\n<p>N\u00e4ihin tavoitteisiin my\u00f6s Lievestuoreen L\u00e4mp\u00f6 Oy t\u00e4ht\u00e4\u00e4 t\u00e4ll\u00e4 investoinnilla, joka on Euroopan unionin osarahoittama. Lievestuoreen L\u00e4mp\u00f6 Oy on saanut hankkeeseen rahoitusta Euroopan Unionin Euroopan maaseuturahastosta ( 2023\u20132027 ) uusiutuvan energian ja biopolttoaineiden investointia varten. Tukea on my\u00f6nnetty hankkeelle 573 954,30 euroa. Hankkeen on arvioitu valmistuvan 2026 syksyll\u00e4.<\/p>\n","protected":false},"excerpt":{"rendered":"<p>Lievestuoreen L\u00e4mp\u00f6 Oy:ll\u00e4 on k\u00e4ynniss\u00e4 Laukaan Lepp\u00e4vedell\u00e4 rakennusty\u00f6t koskien Sorajyv\u00e4n kaukol\u00e4mp\u00f6hanketta. Sorajyv\u00e4n biokaukol\u00e4mp\u00f6laitos tuottaa valmistuessaan alueen asiakkaille kaukol\u00e4mp\u00f6\u00e4 ymp\u00e4rist\u00f6yst\u00e4v\u00e4llisesti sek\u00e4 alueelliset vaikutukset huomioiden, josta yhten\u00e4 osana on mm. mets\u00e4hakkeen hankinta. TAUSTATIETOA HANKKEESTA Suomen vuosien 2023-2027 CAP-suunnitelman tavoitteena on uudistuva ja monipuolinen maaseutu ottaen huomioon ilmasto- ja ymp\u00e4rist\u00f6toimet ilmastonmuutoksen hillitsemiseksi sek\u00e4 maaseudun yrityskannan monipuolistamisen. T\u00e4m\u00e4n saavuttamiseksi [&hellip;]<\/p>\n","protected":false},"author":1,"featured_media":0,"parent":0,"menu_order":0,"comment_status":"closed","ping_status":"closed","template":"","meta":[],"_links":{"self":[{"href":"https:\/\/lievestuoreenlampo.fi\/wp\/index.php?rest_route=\/wp\/v2\/pages\/296"}],"collection":[{"href":"https:\/\/lievestuoreenlampo.fi\/wp\/index.php?rest_route=\/wp\/v2\/pages"}],"about":[{"href":"https:\/\/lievestuoreenlampo.fi\/wp\/index.php?rest_route=\/wp\/v2\/types\/page"}],"author":[{"embeddable":true,"href":"https:\/\/lievestuoreenlampo.fi\/wp\/index.php?rest_route=\/wp\/v2\/users\/1"}],"replies":[{"embeddable":true,"href":"https:\/\/lievestuoreenlampo.fi\/wp\/index.php?rest_route=%2Fwp%2Fv2%2Fcomments&post=296"}],"version-history":[{"count":2,"href":"https:\/\/lievestuoreenlampo.fi\/wp\/index.php?rest_route=\/wp\/v2\/pages\/296\/revisions"}],"predecessor-version":[{"id":300,"href":"https:\/\/lievestuoreenlampo.fi\/wp\/index.php?rest_route=\/wp\/v2\/pages\/296\/revisions\/300"}],"wp:attachment":[{"href":"https:\/\/lievestuoreenlampo.fi\/wp\/index.php?rest_route=%2Fwp%2Fv2%2Fmedia&parent=296"}],"curies":[{"name":"wp","href":"https:\/\/api.w.org\/{rel}","templated":true}]}}