{"id":254,"date":"2022-12-13T17:45:34","date_gmt":"2022-12-13T17:45:34","guid":{"rendered":"https:\/\/lievestuoreenlampo.fi\/wp\/?page_id=254"},"modified":"2026-01-19T06:42:21","modified_gmt":"2026-01-19T06:42:21","slug":"biokaasun-tankkausasema","status":"publish","type":"page","link":"https:\/\/lievestuoreenlampo.fi\/wp\/?page_id=254","title":{"rendered":"Biokaasun tankkausasema"},"content":{"rendered":"\n<div class=\"wp-block-media-text alignwide is-stacked-on-mobile\" style=\"grid-template-columns:26% auto\"><figure class=\"wp-block-media-text__media\"><img loading=\"lazy\" width=\"556\" height=\"238\" src=\"https:\/\/lievestuoreenlampo.fi\/wp\/wp-content\/uploads\/2022\/12\/nettilogo.png\" alt=\"\" class=\"wp-image-260 size-full\" srcset=\"https:\/\/lievestuoreenlampo.fi\/wp\/wp-content\/uploads\/2022\/12\/nettilogo.png 556w, https:\/\/lievestuoreenlampo.fi\/wp\/wp-content\/uploads\/2022\/12\/nettilogo-300x128.png 300w\" sizes=\"(max-width: 556px) 100vw, 556px\" \/><\/figure><div class=\"wp-block-media-text__content\">\n<p class=\"wp-image-256\"> <\/p>\n\n\n\n<p> <\/p>\n\n\n\n<p>Lievestuoreen L\u00e4mp\u00f6 Oy:n oma tankkausasema l\u00f6ytyy Lievestuoreelta! Asemalla voivat tankata paineistettua biokaasua henkil\u00f6autot sek\u00e4 raskaan liikenteen ajoneuvot.<\/p>\n<\/div><\/div>\n\n\n\n<div class=\"wp-block-media-text alignwide is-stacked-on-mobile\" style=\"grid-template-columns:45% auto\"><figure class=\"wp-block-media-text__media\"><img loading=\"lazy\" width=\"1024\" height=\"720\" src=\"https:\/\/lievestuoreenlampo.fi\/wp\/wp-content\/uploads\/2022\/12\/kartta-1024x720.png\" alt=\"\" class=\"wp-image-273 size-full\" srcset=\"https:\/\/lievestuoreenlampo.fi\/wp\/wp-content\/uploads\/2022\/12\/kartta-1024x720.png 1024w, https:\/\/lievestuoreenlampo.fi\/wp\/wp-content\/uploads\/2022\/12\/kartta-300x211.png 300w, https:\/\/lievestuoreenlampo.fi\/wp\/wp-content\/uploads\/2022\/12\/kartta-768x540.png 768w, https:\/\/lievestuoreenlampo.fi\/wp\/wp-content\/uploads\/2022\/12\/kartta-400x280.png 400w, https:\/\/lievestuoreenlampo.fi\/wp\/wp-content\/uploads\/2022\/12\/kartta.png 1200w\" sizes=\"(max-width: 1024px) 100vw, 1024px\" \/><\/figure><div class=\"wp-block-media-text__content\">\n<p><strong>Biokaasun hinta<\/strong><\/p>\n\n\n\n<figure class=\"wp-block-table is-style-stripes\"><table><tbody><tr><td><\/td><td><strong>\u20ac\/kg<\/strong><\/td><td><strong>\u20ac\/l (muutettuna litrahinnaksi)<\/strong><\/td><\/tr><tr><td><strong>Biokaasu<\/strong><\/td><td>1,88<\/td><td>1,25<\/td><\/tr><\/tbody><\/table><figcaption>Biokaasun hinta 01.01.2026 alkaen<\/figcaption><\/figure>\n\n\n\n<p><strong>Lievestuoreen tankkausaseman sijainti<\/strong><\/p>\n\n\n\n<p>Tankkausaseman l\u00f6yd\u00e4 osoitteesta Kelkkam\u00e4entie 273, 41400 Lievestuore. <a href=\"https:\/\/goo.gl\/maps\/dR5UFQu8mMos6Ewa6\" data-type=\"URL\" data-id=\"https:\/\/goo.gl\/maps\/dR5UFQu8mMos6Ewa6\" target=\"_blank\" rel=\"noreferrer noopener\">https:\/\/goo.gl\/maps\/dR5UFQu8mMos6Ewa6<\/a><\/p>\n\n\n\n<p>Maksuv\u00e4linein\u00e4 asemalla k\u00e4yv\u00e4t pankki- ja luottokortit.<\/p>\n\n\n\n<p><img loading=\"lazy\" width=\"1201\" height=\"287\" class=\"wp-image-255\" style=\"width: 600px;\" src=\"https:\/\/lievestuoreenlampo.fi\/wp\/wp-content\/uploads\/2022\/12\/tankkaus.jpg\" alt=\"\" srcset=\"https:\/\/lievestuoreenlampo.fi\/wp\/wp-content\/uploads\/2022\/12\/tankkaus.jpg 1201w, https:\/\/lievestuoreenlampo.fi\/wp\/wp-content\/uploads\/2022\/12\/tankkaus-300x72.jpg 300w, https:\/\/lievestuoreenlampo.fi\/wp\/wp-content\/uploads\/2022\/12\/tankkaus-1024x245.jpg 1024w, https:\/\/lievestuoreenlampo.fi\/wp\/wp-content\/uploads\/2022\/12\/tankkaus-768x184.jpg 768w\" sizes=\"(max-width: 1201px) 100vw, 1201px\" \/><\/p>\n<\/div><\/div>\n\n\n\n<p><\/p>\n","protected":false},"excerpt":{"rendered":"<p>Lievestuoreen L\u00e4mp\u00f6 Oy:n oma tankkausasema l\u00f6ytyy Lievestuoreelta! Asemalla voivat tankata paineistettua biokaasua henkil\u00f6autot sek\u00e4 raskaan liikenteen ajoneuvot. Biokaasun hinta \u20ac\/kg \u20ac\/l (muutettuna litrahinnaksi) Biokaasu 1,88 1,25 Biokaasun hinta 01.01.2026 alkaen Lievestuoreen tankkausaseman sijainti Tankkausaseman l\u00f6yd\u00e4 osoitteesta Kelkkam\u00e4entie 273, 41400 Lievestuore. https:\/\/goo.gl\/maps\/dR5UFQu8mMos6Ewa6 Maksuv\u00e4linein\u00e4 asemalla k\u00e4yv\u00e4t pankki- ja luottokortit.<\/p>\n","protected":false},"author":1,"featured_media":0,"parent":0,"menu_order":0,"comment_status":"closed","ping_status":"closed","template":"","meta":[],"_links":{"self":[{"href":"https:\/\/lievestuoreenlampo.fi\/wp\/index.php?rest_route=\/wp\/v2\/pages\/254"}],"collection":[{"href":"https:\/\/lievestuoreenlampo.fi\/wp\/index.php?rest_route=\/wp\/v2\/pages"}],"about":[{"href":"https:\/\/lievestuoreenlampo.fi\/wp\/index.php?rest_route=\/wp\/v2\/types\/page"}],"author":[{"embeddable":true,"href":"https:\/\/lievestuoreenlampo.fi\/wp\/index.php?rest_route=\/wp\/v2\/users\/1"}],"replies":[{"embeddable":true,"href":"https:\/\/lievestuoreenlampo.fi\/wp\/index.php?rest_route=%2Fwp%2Fv2%2Fcomments&post=254"}],"version-history":[{"count":16,"href":"https:\/\/lievestuoreenlampo.fi\/wp\/index.php?rest_route=\/wp\/v2\/pages\/254\/revisions"}],"predecessor-version":[{"id":310,"href":"https:\/\/lievestuoreenlampo.fi\/wp\/index.php?rest_route=\/wp\/v2\/pages\/254\/revisions\/310"}],"wp:attachment":[{"href":"https:\/\/lievestuoreenlampo.fi\/wp\/index.php?rest_route=%2Fwp%2Fv2%2Fmedia&parent=254"}],"curies":[{"name":"wp","href":"https:\/\/api.w.org\/{rel}","templated":true}]}}