{"id":165,"date":"2018-06-29T08:04:29","date_gmt":"2018-06-29T08:04:29","guid":{"rendered":"http:\/\/lievestuoreenlampo.fi\/?page_id=165"},"modified":"2022-06-02T06:57:22","modified_gmt":"2022-06-02T06:57:22","slug":"yhteystiedot","status":"publish","type":"page","link":"https:\/\/lievestuoreenlampo.fi\/wp\/?page_id=165","title":{"rendered":"Yhteystiedot"},"content":{"rendered":"<p><strong>Lievestuoreen L\u00e4mp\u00f6 Oy<\/strong><\/p>\n<p>K\u00e4yntiosoite: Varikontie 285, 41400 Lievestuore<br \/>\nToimistomme on avoinna ma \u2013 pe 8.00 &#8211; 15.00<\/p>\n<p><strong>Toimitusjohtaja<\/strong><\/p>\n<p>Heidi Petroff<\/p>\n<p>044 7223 270 heidi.petroff@lievestuoreenlampo.fi<\/p>\n<p><strong>L\u00e4mp\u00f6laitokset p\u00e4ivystys 24\/7<\/strong><\/p>\n<p>0400 597 508 info@lievestuoreenlampo.fi<\/p>\n<p><strong>Kaukol\u00e4mp\u00f6sopimukset ja laskutus<\/strong><\/p>\n<p>044 7223 270 laskutus@lievestuoreenlampo.fi<\/p>\n<p><strong>Laskutusosoitteet<\/strong><\/p>\n<p>Paperilaskut postitse os.<\/p>\n<p>Lievestuoreen L\u00e4mp\u00f6 Oy, Varikontie 285, 41400 Lievestuore<\/p>\n<p>Verkkolaskutusosoite: 003722262335<br \/>\nV\u00e4litt\u00e4j\u00e4n tunnus: 003708599126<br \/>\nV\u00e4litt\u00e4j\u00e4: Open Text Oy<\/p>\n<p><strong>Tietosuojaseloste<\/strong><\/p>\n<p>Tietosuojaselosteemme voit lukea\u00a0<a href=\"http:\/\/lievestuoreenlampo.fi\/wp-content\/uploads\/2017\/10\/tietosuojaseloste.pdf\">t\u00e4st\u00e4 linkist\u00e4<\/a><\/p>\n","protected":false},"excerpt":{"rendered":"<p>Lievestuoreen L\u00e4mp\u00f6 Oy K\u00e4yntiosoite: Varikontie 285, 41400 Lievestuore Toimistomme on avoinna ma \u2013 pe 8.00 &#8211; 15.00 Toimitusjohtaja Heidi Petroff 044 7223 270 heidi.petroff@lievestuoreenlampo.fi L\u00e4mp\u00f6laitokset p\u00e4ivystys 24\/7 0400 597 508 info@lievestuoreenlampo.fi Kaukol\u00e4mp\u00f6sopimukset ja laskutus 044 7223 270 laskutus@lievestuoreenlampo.fi Laskutusosoitteet Paperilaskut postitse os. Lievestuoreen L\u00e4mp\u00f6 Oy, Varikontie 285, 41400 Lievestuore Verkkolaskutusosoite: 003722262335 V\u00e4litt\u00e4j\u00e4n tunnus: 003708599126 V\u00e4litt\u00e4j\u00e4: [&hellip;]<\/p>\n","protected":false},"author":1,"featured_media":0,"parent":0,"menu_order":0,"comment_status":"closed","ping_status":"closed","template":"","meta":[],"_links":{"self":[{"href":"https:\/\/lievestuoreenlampo.fi\/wp\/index.php?rest_route=\/wp\/v2\/pages\/165"}],"collection":[{"href":"https:\/\/lievestuoreenlampo.fi\/wp\/index.php?rest_route=\/wp\/v2\/pages"}],"about":[{"href":"https:\/\/lievestuoreenlampo.fi\/wp\/index.php?rest_route=\/wp\/v2\/types\/page"}],"author":[{"embeddable":true,"href":"https:\/\/lievestuoreenlampo.fi\/wp\/index.php?rest_route=\/wp\/v2\/users\/1"}],"replies":[{"embeddable":true,"href":"https:\/\/lievestuoreenlampo.fi\/wp\/index.php?rest_route=%2Fwp%2Fv2%2Fcomments&post=165"}],"version-history":[{"count":11,"href":"https:\/\/lievestuoreenlampo.fi\/wp\/index.php?rest_route=\/wp\/v2\/pages\/165\/revisions"}],"predecessor-version":[{"id":247,"href":"https:\/\/lievestuoreenlampo.fi\/wp\/index.php?rest_route=\/wp\/v2\/pages\/165\/revisions\/247"}],"wp:attachment":[{"href":"https:\/\/lievestuoreenlampo.fi\/wp\/index.php?rest_route=%2Fwp%2Fv2%2Fmedia&parent=165"}],"curies":[{"name":"wp","href":"https:\/\/api.w.org\/{rel}","templated":true}]}}